{"id":5766,"date":"2020-07-22T13:42:36","date_gmt":"2020-07-22T16:42:36","guid":{"rendered":"https:\/\/dallasanta.com.br\/paseozonasul\/?page_id=5766"},"modified":"2020-10-16T16:04:13","modified_gmt":"2020-10-16T19:04:13","slug":"area-restrita","status":"publish","type":"page","link":"https:\/\/dallasanta.com.br\/paseozonasul\/area-restrita\/","title":{"rendered":"\u00c1rea Restrita"},"content":{"rendered":"<p>[vc_row padding_top_multiplier=&#8221;2x&#8221; padding_bottom_multiplier=&#8221;2x&#8221;][vc_column]<h3 class=\"eut-element eut-title eut-align-inherit eut-h3\" style=\"\"><span>Documentos<\/span><\/h3>[vc_row_inner][vc_column_inner width=&#8221;1\/4&#8243;]<div class=\"eut-element eut-box-icon eut-top-icon eut-align-center eut-advanced-hover\" style=\"\"><a href=\"https:\/\/dallasanta.com.br\/paseozonasul\/wp-content\/uploads\/2020\/10\/03.09.2020-Certificado-limpeza-reservat\u00f3rios.1.pdf\" target=\"_blank\" rel=\"noopener noreferrer\" class=\"eut-item-url \" aria-label=\"Certificado limpeza reservat\u00f3rios 1\"><\/a><div class=\"eut-single-icon eut-medium eut-with-shape\"><div class=\"eut-wrapper-icon eut-outline eut-circle eut-text-black\" style=\"\"><i class=\"eut-inner-icon fa fa-file-text-o eut-text-black\"><\/i><\/div><\/div><div class=\"eut-box-content\"><h4 class=\"eut-box-title eut-h4\">Certificado limpeza reservat\u00f3rios 1<\/h4><\/div><\/div>[\/vc_column_inner][vc_column_inner width=&#8221;1\/4&#8243;]<div class=\"eut-element eut-box-icon eut-top-icon eut-align-center eut-advanced-hover\" style=\"\"><a href=\"https:\/\/dallasanta.com.br\/paseozonasul\/wp-content\/uploads\/2020\/10\/03.09.2020-Certificado-limpeza-reservat\u00f3rios.2.pdf\" target=\"_blank\" rel=\"noopener noreferrer\" class=\"eut-item-url \" aria-label=\"Certificado limpeza reservat\u00f3rios 2\"><\/a><div class=\"eut-single-icon eut-medium eut-with-shape\"><div class=\"eut-wrapper-icon eut-outline eut-circle eut-text-black\" style=\"\"><i class=\"eut-inner-icon fa fa-file-text-o eut-text-black\"><\/i><\/div><\/div><div class=\"eut-box-content\"><h4 class=\"eut-box-title eut-h4\">Certificado limpeza reservat\u00f3rios 2<\/h4><\/div><\/div>[\/vc_column_inner][vc_column_inner width=&#8221;1\/4&#8243;]<div class=\"eut-element eut-box-icon eut-top-icon eut-align-center eut-advanced-hover\" style=\"\"><a href=\"https:\/\/dallasanta.com.br\/paseozonasul\/wp-content\/uploads\/2020\/10\/03.09.2020-Certificado-limpeza-reservat\u00f3rios.pdf\" target=\"_blank\" rel=\"noopener noreferrer\" class=\"eut-item-url \" aria-label=\"Certificado limpeza reservat\u00f3rios 3\"><\/a><div class=\"eut-single-icon eut-medium eut-with-shape\"><div class=\"eut-wrapper-icon eut-outline eut-circle eut-text-black\" style=\"\"><i class=\"eut-inner-icon fa fa-file-text-o eut-text-black\"><\/i><\/div><\/div><div class=\"eut-box-content\"><h4 class=\"eut-box-title eut-h4\">Certificado limpeza reservat\u00f3rios 3<\/h4><\/div><\/div>[\/vc_column_inner][vc_column_inner width=&#8221;1\/4&#8243;]<div class=\"eut-element eut-box-icon eut-top-icon eut-align-center eut-advanced-hover\" style=\"\"><a href=\"https:\/\/dallasanta.com.br\/paseozonasul\/wp-content\/uploads\/2020\/10\/03.09.2020-Laudo-limpeza-reservat\u00f3rios.1.pdf\" target=\"_blank\" rel=\"noopener noreferrer\" class=\"eut-item-url \" aria-label=\"Laudo limpeza reservat\u00f3rios 1\"><\/a><div class=\"eut-single-icon eut-medium eut-with-shape\"><div class=\"eut-wrapper-icon eut-outline eut-circle eut-text-black\" style=\"\"><i class=\"eut-inner-icon fa fa-file-text-o eut-text-black\"><\/i><\/div><\/div><div class=\"eut-box-content\"><h4 class=\"eut-box-title eut-h4\">Laudo limpeza reservat\u00f3rios 1<\/h4><\/div><\/div>[\/vc_column_inner][\/vc_row_inner][vc_row_inner][vc_column_inner width=&#8221;1\/4&#8243;]<div class=\"eut-element eut-box-icon eut-top-icon eut-align-center eut-advanced-hover\" style=\"\"><a href=\"https:\/\/dallasanta.com.br\/paseozonasul\/wp-content\/uploads\/2020\/10\/03.09.2020-Laudo-limpeza-reservat\u00f3rios.2.pdf\" target=\"_blank\" rel=\"noopener noreferrer\" class=\"eut-item-url \" aria-label=\"Laudo limpeza reservat\u00f3rios 2\"><\/a><div class=\"eut-single-icon eut-medium eut-with-shape\"><div class=\"eut-wrapper-icon eut-outline eut-circle eut-text-black\" style=\"\"><i class=\"eut-inner-icon fa fa-file-text-o eut-text-black\"><\/i><\/div><\/div><div class=\"eut-box-content\"><h4 class=\"eut-box-title eut-h4\">Laudo limpeza reservat\u00f3rios 2<\/h4><\/div><\/div>[\/vc_column_inner][vc_column_inner width=&#8221;1\/4&#8243;]<div class=\"eut-element eut-box-icon eut-top-icon eut-align-center eut-advanced-hover\" style=\"\"><a href=\"https:\/\/dallasanta.com.br\/paseozonasul\/wp-content\/uploads\/2020\/10\/03.09.2020-Laudo-limpeza-reservat\u00f3rios.pdf\" target=\"_blank\" rel=\"noopener noreferrer\" class=\"eut-item-url \" aria-label=\"Laudo limpeza reservat\u00f3rios 3\"><\/a><div class=\"eut-single-icon eut-medium eut-with-shape\"><div class=\"eut-wrapper-icon eut-outline eut-circle eut-text-black\" style=\"\"><i class=\"eut-inner-icon fa fa-file-text-o eut-text-black\"><\/i><\/div><\/div><div class=\"eut-box-content\"><h4 class=\"eut-box-title eut-h4\">Laudo limpeza reservat\u00f3rios 3<\/h4><\/div><\/div>[\/vc_column_inner][vc_column_inner width=&#8221;1\/4&#8243;]<div class=\"eut-element eut-box-icon eut-top-icon eut-align-center eut-advanced-hover\" style=\"\"><a href=\"https:\/\/dallasanta.com.br\/paseozonasul\/wp-content\/uploads\/2020\/10\/18.09.2020-Certificado-controle-de-pragas-Desinsetiza\u00e7\u00e3o.pdf\" target=\"_blank\" rel=\"noopener noreferrer\" class=\"eut-item-url \" aria-label=\"Certificado controle de pragas - Desinsetiza\u00e7\u00e3o\"><\/a><div class=\"eut-single-icon eut-medium eut-with-shape\"><div class=\"eut-wrapper-icon eut-outline eut-circle eut-text-black\" style=\"\"><i class=\"eut-inner-icon fa fa-file-text-o eut-text-black\"><\/i><\/div><\/div><div class=\"eut-box-content\"><h4 class=\"eut-box-title eut-h4\">Certificado controle de pragas - Desinsetiza\u00e7\u00e3o<\/h4><\/div><\/div>[\/vc_column_inner][vc_column_inner width=&#8221;1\/4&#8243;]<div class=\"eut-element eut-box-icon eut-top-icon eut-align-center eut-advanced-hover\" style=\"\"><a href=\"https:\/\/dallasanta.com.br\/paseozonasul\/wp-content\/uploads\/2020\/10\/18.09.2020-Certificado-controle-de-pragas-Desratiza\u00e7\u00e3o.pdf\" target=\"_blank\" rel=\"noopener noreferrer\" class=\"eut-item-url \" aria-label=\"Certificado controle de pragas - Desratiza\u00e7\u00e3o\"><\/a><div class=\"eut-single-icon eut-medium eut-with-shape\"><div class=\"eut-wrapper-icon eut-outline eut-circle eut-text-black\" style=\"\"><i class=\"eut-inner-icon fa fa-file-text-o eut-text-black\"><\/i><\/div><\/div><div class=\"eut-box-content\"><h4 class=\"eut-box-title eut-h4\">Certificado controle de pragas - Desratiza\u00e7\u00e3o<\/h4><\/div><\/div>[\/vc_column_inner][\/vc_row_inner][vc_row_inner][vc_column_inner width=&#8221;1\/4&#8243;]<div class=\"eut-element eut-box-icon eut-top-icon eut-align-center eut-advanced-hover\" style=\"\"><a href=\"https:\/\/dallasanta.com.br\/paseozonasul\/wp-content\/uploads\/2020\/10\/18.09.2020-Certificado-controle-de-pragas.pdf\" target=\"_blank\" rel=\"noopener noreferrer\" class=\"eut-item-url \" aria-label=\"Certificado controle de pragas\"><\/a><div class=\"eut-single-icon eut-medium eut-with-shape\"><div class=\"eut-wrapper-icon eut-outline eut-circle eut-text-black\" style=\"\"><i class=\"eut-inner-icon fa fa-file-text-o eut-text-black\"><\/i><\/div><\/div><div class=\"eut-box-content\"><h4 class=\"eut-box-title eut-h4\">Certificado controle de pragas<\/h4><\/div><\/div>[\/vc_column_inner][vc_column_inner width=&#8221;1\/4&#8243;]<div class=\"eut-element eut-box-icon eut-top-icon eut-align-center eut-advanced-hover\" style=\"\"><a href=\"https:\/\/dallasanta.com.br\/paseozonasul\/wp-content\/uploads\/2020\/10\/18.09.2020-Laudo-desinsetiza\u00e7\u00e3o.pdf\" target=\"_blank\" rel=\"noopener noreferrer\" class=\"eut-item-url \" aria-label=\"Laudo desinsetiza\u00e7\u00e3o\"><\/a><div class=\"eut-single-icon eut-medium eut-with-shape\"><div class=\"eut-wrapper-icon eut-outline eut-circle eut-text-black\" style=\"\"><i class=\"eut-inner-icon fa fa-file-text-o eut-text-black\"><\/i><\/div><\/div><div class=\"eut-box-content\"><h4 class=\"eut-box-title eut-h4\">Laudo desinsetiza\u00e7\u00e3o<\/h4><\/div><\/div>[\/vc_column_inner][vc_column_inner width=&#8221;1\/4&#8243;]<div class=\"eut-element eut-box-icon eut-top-icon eut-align-center eut-advanced-hover\" style=\"\"><a href=\"https:\/\/dallasanta.com.br\/paseozonasul\/wp-content\/uploads\/2020\/10\/18.09.2020-Laudo-Desratiza\u00e7\u00e3o.pdf\" target=\"_blank\" rel=\"noopener noreferrer\" class=\"eut-item-url \" aria-label=\"Laudo Desratiza\u00e7\u00e3o\"><\/a><div class=\"eut-single-icon eut-medium eut-with-shape\"><div class=\"eut-wrapper-icon eut-outline eut-circle eut-text-black\" style=\"\"><i class=\"eut-inner-icon fa fa-file-text-o eut-text-black\"><\/i><\/div><\/div><div class=\"eut-box-content\"><h4 class=\"eut-box-title eut-h4\">Laudo Desratiza\u00e7\u00e3o<\/h4><\/div><\/div>[\/vc_column_inner][vc_column_inner width=&#8221;1\/4&#8243;]<div class=\"eut-element eut-box-icon eut-top-icon eut-align-center eut-advanced-hover\" style=\"\"><a href=\"https:\/\/dallasanta.com.br\/paseozonasul\/wp-content\/uploads\/2020\/10\/Contigenciamento-PASEO-maio-20.pdf\" target=\"_blank\" rel=\"noopener noreferrer\" class=\"eut-item-url \" aria-label=\"Contigenciamento PASEO - maio 20\"><\/a><div class=\"eut-single-icon eut-medium eut-with-shape\"><div class=\"eut-wrapper-icon eut-outline eut-circle eut-text-black\" style=\"\"><i class=\"eut-inner-icon fa fa-file-text-o eut-text-black\"><\/i><\/div><\/div><div class=\"eut-box-content\"><h4 class=\"eut-box-title eut-h4\">Contigenciamento PASEO - maio 20<\/h4><\/div><\/div>[\/vc_column_inner][\/vc_row_inner][vc_row_inner][vc_column_inner width=&#8221;1\/4&#8243;]<div class=\"eut-element eut-box-icon eut-top-icon eut-align-center eut-advanced-hover\" style=\"\"><a href=\"https:\/\/dallasanta.com.br\/paseozonasul\/wp-content\/uploads\/2020\/10\/Protocolo-de-Solicita\u00e7\u00e3o-de-Servi\u00e7os.docx\" target=\"_blank\" rel=\"noopener noreferrer\" class=\"eut-item-url \" aria-label=\"Protocolo de Solicita\u00e7\u00e3o de Servi\u00e7os\"><\/a><div class=\"eut-single-icon eut-medium eut-with-shape\"><div class=\"eut-wrapper-icon eut-outline eut-circle eut-text-black\" style=\"\"><i class=\"eut-inner-icon fa fa-file-text-o eut-text-black\"><\/i><\/div><\/div><div class=\"eut-box-content\"><h4 class=\"eut-box-title eut-h4\">Protocolo de Solicita\u00e7\u00e3o de Servi\u00e7os<\/h4><\/div><\/div>[\/vc_column_inner][\/vc_row_inner][\/vc_column][\/vc_row][vc_row padding_top_multiplier=&#8221;&#8221; padding_bottom_multiplier=&#8221;2x&#8221; full_width=&#8221;stretch_row&#8221; content_placement=&#8221;middle&#8221; parallax=&#8221;content-moving&#8221; parallax_image=&#8221;4916&#8243; wpex_bg_overlay=&#8221;dark&#8221; min_height=&#8221;500&#8243; wpex_bg_overlay_color=&#8221;#000000&#8243;][vc_column]<h3 class=\"eut-element eut-title eut-align-inherit eut-h3\" style=\"\"><span>Informativos<\/span><\/h3>[\/vc_column][\/vc_row][vc_row padding_bottom_multiplier=&#8221;2x&#8221;][vc_column width=&#8221;1\/5&#8243;][\/vc_column][vc_column width=&#8221;1\/5&#8243;][\/vc_column][vc_column width=&#8221;1\/5&#8243;]<div class=\"eut-element eut-align-inherit\"><a href=\"https:\/\/docs.google.com\/forms\/d\/e\/1FAIpQLSfT22wZOEvELQYKKKTUSG0noX-AdCr6oPsyE5vpnsyVb1CWKw\/viewform?vc=0&#038;amp%3Bc=0&#038;amp%3Bw=1&#038;amp%3Bflr=0&#038;gxids=7757\" target=\"_blank\" rel=\"noopener noreferrer\" class=\"eut-btn eut-btn-medium eut-shadow-small eut-square eut-bg-white eut-bg-hover-black margin-botao\"><span>Solicite seu evento<\/span><\/a><\/div>[\/vc_column][vc_column width=&#8221;1\/5&#8243;][\/vc_column][vc_column width=&#8221;1\/5&#8243;][\/vc_column][\/vc_row]<\/p>\n","protected":false},"excerpt":{"rendered":"<p>[vc_row padding_top_multiplier=&#8221;2x&#8221; padding_bottom_multiplier=&#8221;2x&#8221;][vc_column][vc_row_inner][vc_column_inner width=&#8221;1\/4&#8243;][\/vc_column_inner][vc_column_inner width=&#8221;1\/4&#8243;][\/vc_column_inner][vc_column_inner width=&#8221;1\/4&#8243;][\/vc_column_inner][vc_column_inner width=&#8221;1\/4&#8243;][\/vc_column_inner][\/vc_row_inner][vc_row_inner][vc_column_inner width=&#8221;1\/4&#8243;][\/vc_column_inner][vc_column_inner width=&#8221;1\/4&#8243;][\/vc_column_inner][vc_column_inner width=&#8221;1\/4&#8243;][\/vc_column_inner][vc_column_inner width=&#8221;1\/4&#8243;][\/vc_column_inner][\/vc_row_inner][vc_row_inner][vc_column_inner width=&#8221;1\/4&#8243;][\/vc_column_inner][vc_column_inner width=&#8221;1\/4&#8243;][\/vc_column_inner][vc_column_inner width=&#8221;1\/4&#8243;][\/vc_column_inner][vc_column_inner width=&#8221;1\/4&#8243;][\/vc_column_inner][\/vc_row_inner][vc_row_inner][vc_column_inner width=&#8221;1\/4&#8243;][\/vc_column_inner][\/vc_row_inner][\/vc_column][\/vc_row][vc_row padding_top_multiplier=&#8221;&#8221; padding_bottom_multiplier=&#8221;2x&#8221; full_width=&#8221;stretch_row&#8221; content_placement=&#8221;middle&#8221; parallax=&#8221;content-moving&#8221; parallax_image=&#8221;4916&#8243; wpex_bg_overlay=&#8221;dark&#8221; min_height=&#8221;500&#8243; wpex_bg_overlay_color=&#8221;#000000&#8243;][vc_column][\/vc_column][\/vc_row][vc_row padding_bottom_multiplier=&#8221;2x&#8221;][vc_column width=&#8221;1\/5&#8243;][\/vc_column][vc_column width=&#8221;1\/5&#8243;][\/vc_column][vc_column width=&#8221;1\/5&#8243;][\/vc_column][vc_column width=&#8221;1\/5&#8243;][\/vc_column][vc_column width=&#8221;1\/5&#8243;][\/vc_column][\/vc_row]<\/p>\n","protected":false},"author":1,"featured_media":0,"parent":0,"menu_order":0,"comment_status":"closed","ping_status":"closed","template":"","meta":[],"acf":[],"_links":{"self":[{"href":"https:\/\/dallasanta.com.br\/paseozonasul\/wp-json\/wp\/v2\/pages\/5766"}],"collection":[{"href":"https:\/\/dallasanta.com.br\/paseozonasul\/wp-json\/wp\/v2\/pages"}],"about":[{"href":"https:\/\/dallasanta.com.br\/paseozonasul\/wp-json\/wp\/v2\/types\/page"}],"author":[{"embeddable":true,"href":"https:\/\/dallasanta.com.br\/paseozonasul\/wp-json\/wp\/v2\/users\/1"}],"replies":[{"embeddable":true,"href":"https:\/\/dallasanta.com.br\/paseozonasul\/wp-json\/wp\/v2\/comments?post=5766"}],"version-history":[{"count":23,"href":"https:\/\/dallasanta.com.br\/paseozonasul\/wp-json\/wp\/v2\/pages\/5766\/revisions"}],"predecessor-version":[{"id":6022,"href":"https:\/\/dallasanta.com.br\/paseozonasul\/wp-json\/wp\/v2\/pages\/5766\/revisions\/6022"}],"wp:attachment":[{"href":"https:\/\/dallasanta.com.br\/paseozonasul\/wp-json\/wp\/v2\/media?parent=5766"}],"curies":[{"name":"wp","href":"https:\/\/api.w.org\/{rel}","templated":true}]}}