{"id":5342,"date":"2019-09-25T10:15:59","date_gmt":"2019-09-25T13:15:59","guid":{"rendered":"https:\/\/dallasanta.com.br\/paseozonasul\/?page_id=5342"},"modified":"2021-01-26T16:15:25","modified_gmt":"2021-01-26T19:15:25","slug":"seja-um-lojista-ou-salista","status":"publish","type":"page","link":"https:\/\/dallasanta.com.br\/paseozonasul\/seja-um-lojista-ou-salista\/","title":{"rendered":"Seja um Lojista ou Salista"},"content":{"rendered":"<p>[vc_row padding_top_multiplier=&#8221;2x&#8221; full_width=&#8221;stretch_row&#8221; content_placement=&#8221;middle&#8221; parallax=&#8221;content-moving&#8221; parallax_image=&#8221;4916&#8243; wpex_bg_overlay=&#8221;dark&#8221; wpex_bg_overlay_color=&#8221;#000000&#8243;][vc_column width=&#8221;1\/6&#8243;][\/vc_column][vc_column width=&#8221;2\/3&#8243;]<h3 class=\"eut-element eut-title eut-align-center eut-h3\" style=\"\"><span>Informa\u00e7\u00f5es sobre lojas ou salas<\/span><\/h3>[vc_column_text]<\/p>\n<p style=\"text-align: left;\">\u00a0 \u00a0O Paseo \u00e9 o centro comercial mais querido da Zona Sul. \u00c9 um shopping de vizinhan\u00e7a e ao ar livre que tornou-se, ao longo dos seus 10 anos, o ponto de encontro da Zona Sul, recebendo cerca de 20 mil pessoas por m\u00eas em suas lojas, restaurantes e salas comerciais.<\/p>\n<p style=\"text-align: left;\">\u00a0 \u00a0O p\u00fablico da Zona Sul adora fazer tudo pertinho de sua casa. Por isso, se voc\u00ea quer atender as pessoas da Zona Sul, o Paseo \u00e9 a sua melhor op\u00e7\u00e3o na regi\u00e3o. O empreendimento est\u00e1 localizado em uma das principais vias de acesso a avenida Wenceslau Escobar, no eixo central dos bairros com maior densidade populacional e renda da regi\u00e3o. As salas comerciais\/escrit\u00f3rios do Paseo Office oferecem alternativas flex\u00edveis que se adaptam a cada atividade e projeto arquitet\u00f4nico, incluindo unidades com vista para o Gua\u00edba. O acesso \u00e0s lojas do Paseo Shopping se d\u00e1 atrav\u00e9s de um lindo paisagismo com lago que simula os bulevares comerciais de diversas cidades europeias. As lojas possuem visibilidade praticamente de todo o empreendimento e s\u00e3o um convite para o p\u00fablico e para as vendas. Al\u00e9m disso, o Paseo conta com estrutura de seguran\u00e7a 24 horas, monitoramento por c\u00e2meras, controle eletr\u00f4nico de acessos, estacionamento rotativo para clientes com mais de 180 vagas e muitas outras comodidades para voc\u00ea e seus clientes.<br \/>\n<strong>Quer saber mais? Entre em contato conosco e em breve respondermos sua mensagem.<\/strong><\/p>\n<p>[\/vc_column_text][\/vc_column][vc_column width=&#8221;1\/6&#8243;][\/vc_column][\/vc_row][vc_row padding_top_multiplier=&#8221;&#8221; padding_bottom_multiplier=&#8221;2x&#8221;][vc_column width=&#8221;1\/6&#8243;][\/vc_column][vc_column width=&#8221;2\/3&#8243;][vc_column_text]<div class=\"frm_forms  with_frm_style frm_style_formidable-style\" id=\"frm_form_3_container\" >\n<form enctype=\"multipart\/form-data\" method=\"post\" class=\"frm-show-form  frm_pro_form \" id=\"form_sejaumlojista\"  >\n<div class=\"frm_form_fields \">\n<fieldset>\n<legend class=\"frm_screen_reader\">Seja um lojista<\/legend>\r\n\r\n<div class=\"frm_fields_container\">\n<input type=\"hidden\" name=\"frm_action\" value=\"create\" \/>\n<input type=\"hidden\" name=\"form_id\" value=\"3\" \/>\n<input type=\"hidden\" name=\"frm_hide_fields_3\" id=\"frm_hide_fields_3\" value=\"\" \/>\n<input type=\"hidden\" name=\"form_key\" value=\"sejaumlojista\" \/>\n<input type=\"hidden\" name=\"item_meta[0]\" value=\"\" \/>\n<input type=\"hidden\" id=\"frm_submit_entry_3\" name=\"frm_submit_entry_3\" value=\"69acdb1549\" \/><input type=\"hidden\" name=\"_wp_http_referer\" value=\"\/paseozonasul\/wp-json\/wp\/v2\/pages\/5342\" \/><div id=\"frm_field_11_container\" class=\"frm_form_field form-field  frm_required_field frm_none_container frm_half frm_first\">\r\n    <label for=\"field_nome2\" id=\"field_nome2_label\" class=\"frm_primary_label\">Nome\r\n        <span class=\"frm_required\">*<\/span>\r\n    <\/label>\r\n    <input type=\"text\" id=\"field_nome2\" name=\"item_meta[11]\" value=\"\"  placeholder=\"Nome\" data-reqmsg=\"Campo obrigat\u00f3rio!\" aria-required=\"true\" data-invmsg=\"Text is invalid\" aria-invalid=\"false\"  \/>\r\n    \r\n    \r\n<\/div>\n<div id=\"frm_field_12_container\" class=\"frm_form_field form-field  frm_required_field frm_none_container frm_half frm_alignright\">\r\n    <label for=\"field_sobrenome\" id=\"field_sobrenome_label\" class=\"frm_primary_label\">Sobrenome\r\n        <span class=\"frm_required\">*<\/span>\r\n    <\/label>\r\n    <input type=\"text\" id=\"field_sobrenome\" name=\"item_meta[12]\" value=\"\"  placeholder=\"Sobrenome\" data-reqmsg=\"Campo obrigat\u00f3rio!\" aria-required=\"true\" data-invmsg=\"Text is invalid\" aria-invalid=\"false\"  \/>\r\n    \r\n    \r\n<\/div>\n<div id=\"frm_field_13_container\" class=\"frm_form_field form-field  frm_required_field frm_none_container frm_half frm_first\">\r\n    <label for=\"field_e-mail2\" id=\"field_e-mail2_label\" class=\"frm_primary_label\">E-mail\r\n        <span class=\"frm_required\">*<\/span>\r\n    <\/label>\r\n    <input type=\"email\" id=\"field_e-mail2\" name=\"item_meta[13]\" value=\"\"  placeholder=\"E-mail\" data-reqmsg=\"Campo obrigat\u00f3rio!\" aria-required=\"true\" data-invmsg=\"Endere\u00e7o de e-mail inv\u00e1lido.\" aria-invalid=\"false\"  \/>\r\n    \r\n    \r\n<\/div>\n<div id=\"frm_field_14_container\" class=\"frm_form_field form-field  frm_required_field frm_none_container frm_half frm_alignright\">\r\n    <label for=\"field_celular\" id=\"field_celular_label\" class=\"frm_primary_label\">Celular\r\n        <span class=\"frm_required\">*<\/span>\r\n    <\/label>\r\n    <input type=\"tel\" id=\"field_celular\" name=\"item_meta[14]\" value=\"\"  placeholder=\"Celular\" data-reqmsg=\"Campo obrigat\u00f3rio!\" aria-required=\"true\" data-invmsg=\"N\u00famero de telefone inv\u00e1lido.\" aria-invalid=\"false\" pattern=\"((\\+\\d{1,3}(-|.| )?\\(?\\d\\)?(-| |.)?\\d{1,5})|(\\(?\\d{2,6}\\)?))(-|.| )?(\\d{3,4})(-|.| )?(\\d{4})(( x| ext)\\d{1,5}){0,1}$\"  \/>\r\n    \r\n    \r\n<\/div>\n<div id=\"frm_field_15_container\" class=\"frm_form_field form-field  frm_required_field frm_none_container\">\r\n    <label for=\"field_assunto2\" id=\"field_assunto2_label\" class=\"frm_primary_label\">Assunto\r\n        <span class=\"frm_required\">*<\/span>\r\n    <\/label>\r\n    <input type=\"text\" id=\"field_assunto2\" name=\"item_meta[15]\" value=\"\"  placeholder=\"Assunto\" data-reqmsg=\"Campo obrigat\u00f3rio!\" aria-required=\"true\" data-invmsg=\"Text is invalid\" aria-invalid=\"false\"  \/>\r\n    \r\n    \r\n<\/div>\n<div id=\"frm_field_16_container\" class=\"frm_form_field form-field  frm_required_field frm_none_container\">\r\n    <label for=\"field_mensagem2\" id=\"field_mensagem2_label\" class=\"frm_primary_label\">Mensagem\r\n        <span class=\"frm_required\">*<\/span>\r\n    <\/label>\r\n    <textarea name=\"item_meta[16]\" id=\"field_mensagem2\" rows=\"5\"  placeholder=\"Mensagem\" data-reqmsg=\"Campo obrigat\u00f3rio!\" aria-required=\"true\" data-invmsg=\"Mensagem is invalid\" aria-invalid=\"false\"  ><\/textarea>\r\n    \r\n    \r\n<\/div>\n<input type=\"hidden\" name=\"item_key\" value=\"\" \/>\n\t<div class=\"frm_submit\">\r\n\r\n<button class=\"frm_button_submit frm_final_submit\" type=\"submit\"   formnovalidate=\"formnovalidate\">Enviar<\/button>\r\n\r\n<\/div><div class=\"frm_verify\" aria-hidden=\"true\">\n\t<label for=\"frm_verify_3\">\n\t\tIf you are human, leave this field blank.\t<\/label>\n\t<input type=\"text\" class=\"frm_verify\" id=\"frm_verify_3\" name=\"frm_verify\" value=\"\"  \/>\n<\/div>\n<\/div>\n<\/fieldset>\n<\/div>\n<\/form>\n<\/div>\n[\/vc_column_text][\/vc_column][vc_column width=&#8221;1\/6&#8243;][\/vc_column][\/vc_row]<\/p>\n","protected":false},"excerpt":{"rendered":"<p>[vc_row padding_top_multiplier=&#8221;2x&#8221; full_width=&#8221;stretch_row&#8221; content_placement=&#8221;middle&#8221; parallax=&#8221;content-moving&#8221; parallax_image=&#8221;4916&#8243; wpex_bg_overlay=&#8221;dark&#8221; wpex_bg_overlay_color=&#8221;#000000&#8243;][vc_column width=&#8221;1\/6&#8243;][\/vc_column][vc_column width=&#8221;2\/3&#8243;][vc_column_text] \u00a0 \u00a0O Paseo \u00e9 o centro comercial mais querido da Zona Sul. \u00c9 um shopping de vizinhan\u00e7a e ao ar livre que tornou-se, ao longo dos seus 10 anos, o ponto de encontro da Zona Sul, recebendo cerca de 20 mil pessoas por m\u00eas em [&hellip;]<\/p>\n","protected":false},"author":1,"featured_media":0,"parent":0,"menu_order":0,"comment_status":"closed","ping_status":"closed","template":"","meta":[],"acf":[],"_links":{"self":[{"href":"https:\/\/dallasanta.com.br\/paseozonasul\/wp-json\/wp\/v2\/pages\/5342"}],"collection":[{"href":"https:\/\/dallasanta.com.br\/paseozonasul\/wp-json\/wp\/v2\/pages"}],"about":[{"href":"https:\/\/dallasanta.com.br\/paseozonasul\/wp-json\/wp\/v2\/types\/page"}],"author":[{"embeddable":true,"href":"https:\/\/dallasanta.com.br\/paseozonasul\/wp-json\/wp\/v2\/users\/1"}],"replies":[{"embeddable":true,"href":"https:\/\/dallasanta.com.br\/paseozonasul\/wp-json\/wp\/v2\/comments?post=5342"}],"version-history":[{"count":19,"href":"https:\/\/dallasanta.com.br\/paseozonasul\/wp-json\/wp\/v2\/pages\/5342\/revisions"}],"predecessor-version":[{"id":6127,"href":"https:\/\/dallasanta.com.br\/paseozonasul\/wp-json\/wp\/v2\/pages\/5342\/revisions\/6127"}],"wp:attachment":[{"href":"https:\/\/dallasanta.com.br\/paseozonasul\/wp-json\/wp\/v2\/media?parent=5342"}],"curies":[{"name":"wp","href":"https:\/\/api.w.org\/{rel}","templated":true}]}}