{"id":5317,"date":"2019-09-25T09:09:46","date_gmt":"2019-09-25T12:09:46","guid":{"rendered":"https:\/\/dallasanta.com.br\/paseozonasul\/?page_id=5317"},"modified":"2021-03-16T16:22:55","modified_gmt":"2021-03-16T19:22:55","slug":"paseo-office","status":"publish","type":"page","link":"https:\/\/dallasanta.com.br\/paseozonasul\/paseo-office\/","title":{"rendered":"Paseo Office"},"content":{"rendered":"<p>[vc_row padding_top_multiplier=&#8221;2x&#8221; padding_bottom_multiplier=&#8221;2x&#8221; full_width=&#8221;stretch_row&#8221; content_placement=&#8221;middle&#8221; parallax=&#8221;content-moving&#8221; parallax_image=&#8221;4916&#8243; wpex_bg_overlay=&#8221;dark&#8221; wpex_bg_overlay_color=&#8221;#000000&#8243; section_id=&#8221;paseo-office&#8221;][vc_column]<h3 class=\"eut-element eut-title eut-align-inherit eut-h3\" style=\"\"><span>Tudo o que voc\u00ea precisa, bem pertinho!<\/span><\/h3>[vc_column_text]O Paseo Office \u00e9 um espa\u00e7o comercial que re\u00fane diversos profissionais para facilitar a sua vida e a da sua fam\u00edlia. Aqui voc\u00ea encontra praticidade, conveni\u00eancia e qualidade nos mais diversos servi\u00e7os que precisar.<\/p>\n<p>Muito mais do que um espa\u00e7o de compras e lazer, o Paseo Office re\u00fane m\u00e9dicos, pediatras, terapeutas, psic\u00f3logos, dentistas, nutricionistas, fonoaudi\u00f3logos, fisioterapeutas, biom\u00e9dicos, esteticistas, est\u00fadios de pilates, consultores&#8230; Enfim, uma s\u00e9rie de profissionais competentes, das mais diversas \u00e1reas, bem pertinho de voc\u00ea, como um bom vizinho.<br \/>\nSe quiser saber mais sobre os profissionais e servi\u00e7os dispon\u00edveis no Paseo Office, consulte a rela\u00e7\u00e3o abaixo.[\/vc_column_text][\/vc_column][\/vc_row][vc_row padding_top_multiplier=&#8221;2x&#8221; padding_bottom_multiplier=&#8221;2x&#8221; rc_bg_type=&#8221;color&#8221; rc_bg_color=&#8221;#f7f7f7&#8243; section_id=&#8221;salas&#8221;][vc_column]<h3 class=\"eut-element eut-title eut-align-inherit eut-h3\" style=\"\"><span>Confira os servi\u00e7os do Paseo Office<\/span><\/h3>[vc_tta_tabs][vc_tta_section title=&#8221;Servi\u00e7os&#8221; tab_id=&#8221;servicos&#8221;][vc_column_text]\n<table id=\"tablepress-1\" class=\"tablepress tablepress-id-1\">\n<tbody class=\"row-hover\">\n<tr class=\"row-1 odd\">\n\t<td class=\"column-1\">204<\/td><td class=\"column-2\">Trading, Exporta\u00e7\u00e3o e Importa\u00e7\u00e3o | Akila Brasil<br \/>\n<\/td>\n<\/tr>\n<tr class=\"row-2 even\">\n\t<td class=\"column-1\">311<\/td><td class=\"column-2\">Adm.  Temakeria Japesca - Zona Sul<br \/>\n<\/td>\n<\/tr>\n<tr class=\"row-3 odd\">\n\t<td class=\"column-1\">315<\/td><td class=\"column-2\">R\u00fcbenich, Cardoso &amp; Casagrande - Advocacia Especializada e Coworking<\/td>\n<\/tr>\n<tr class=\"row-4 even\">\n\t<td class=\"column-1\">320<\/td><td class=\"column-2\">Casa do Rio Im\u00f3veis<\/td>\n<\/tr>\n<\/tbody>\n<\/table>\n<!-- #tablepress-1 from cache -->[\/vc_column_text][\/vc_tta_section][vc_tta_section title=&#8221;Sa\u00fade&#8221; tab_id=&#8221;saude&#8221;][vc_column_text]\n<table id=\"tablepress-2\" class=\"tablepress tablepress-id-2\">\n<tbody class=\"row-hover\">\n<tr class=\"row-1 odd\">\n\t<td class=\"column-1\">201<\/td><td class=\"column-2\">Dra. Fabiana Britto Grass | Psicanalista<\/td>\n<\/tr>\n<tr class=\"row-2 even\">\n\t<td class=\"column-1\">203<\/td><td class=\"column-2\">Dra. Aline Duarte Kristensen | Psic\u00f3loga TCC<\/td>\n<\/tr>\n<tr class=\"row-3 odd\">\n\t<td class=\"column-1\">205<\/td><td class=\"column-2\">Dra. Maria Helena Schaan | Musicoterapeuta<\/td>\n<\/tr>\n<tr class=\"row-4 even\">\n\t<td class=\"column-1\">207<\/td><td class=\"column-2\">Dra. Ana Cec\u00edlia Corcini | Medicina Est\u00e9tica<\/td>\n<\/tr>\n<tr class=\"row-5 odd\">\n\t<td class=\"column-1\">211<\/td><td class=\"column-2\">Dra. Andr\u00e9ia da Costa | Neuropsic\u00f3loga e Dra. Rosangela Christofoli | Psic\u00f3loga<\/td>\n<\/tr>\n<tr class=\"row-6 even\">\n\t<td class=\"column-1\">212<\/td><td class=\"column-2\">Dr. Gustavo Bellozi e Dra. Milene Becker | Cirurgi\u00f5es Dentistas<\/td>\n<\/tr>\n<tr class=\"row-7 odd\">\n\t<td class=\"column-1\">213<\/td><td class=\"column-2\">Dra. Paola Alves | Psic\u00f3loga<\/td>\n<\/tr>\n<tr class=\"row-8 even\">\n\t<td class=\"column-1\">217 e 218<\/td><td class=\"column-2\">Bpro | Prepara\u00e7\u00e3o F\u00edsica<\/td>\n<\/tr>\n<tr class=\"row-9 odd\">\n\t<td class=\"column-1\">219<\/td><td class=\"column-2\">Daniela Lontra | Psic\u00f3loga e Fernanda Lontra |<br \/>\nPsicopedagoga<\/td>\n<\/tr>\n<tr class=\"row-10 even\">\n\t<td class=\"column-1\">220<\/td><td class=\"column-2\">Andreia da Costa <br \/>\n| Neuropsic\u00f3loga e <br \/>\nRosangela Christofoli<br \/>\n| Psic\u00f3loga<\/td>\n<\/tr>\n<tr class=\"row-11 odd\">\n\t<td class=\"column-1\">301, 302 e 303<\/td><td class=\"column-2\">Consult\u00f3rio Odontol\u00f3gico | Odontologia Especializada<\/td>\n<\/tr>\n<tr class=\"row-12 even\">\n\t<td class=\"column-1\">304<\/td><td class=\"column-2\">Dr. M\u00e1rcio Amaral | Fisioterapeuta e Osteopata<\/td>\n<\/tr>\n<tr class=\"row-13 odd\">\n\t<td class=\"column-1\">305<\/td><td class=\"column-2\">Joana e Jo\u00e3o Veppo filho | Nutricionista<\/td>\n<\/tr>\n<tr class=\"row-14 even\">\n\t<td class=\"column-1\">310<\/td><td class=\"column-2\">Dra. Cristina Ferreira | Psic\u00f3loga<\/td>\n<\/tr>\n<tr class=\"row-15 odd\">\n\t<td class=\"column-1\">312<\/td><td class=\"column-2\">Dra. Luciana Berlim | Psic\u00f3loga<\/td>\n<\/tr>\n<tr class=\"row-16 even\">\n\t<td class=\"column-1\">313<\/td><td class=\"column-2\">Dra. Carla Guterres Gra\u00f1a | Fonoaudi\u00f3loga e Psicanalista<\/td>\n<\/tr>\n<tr class=\"row-17 odd\">\n\t<td class=\"column-1\">314<\/td><td class=\"column-2\">Dalaeno | Odontologia<\/td>\n<\/tr>\n<tr class=\"row-18 even\">\n\t<td class=\"column-1\">316<\/td><td class=\"column-2\">Dra. Miriam Porci\u00fancula Moreira Cuchiara | Psic\u00f3loga<\/td>\n<\/tr>\n<tr class=\"row-19 odd\">\n\t<td class=\"column-1\">319<\/td><td class=\"column-2\">Allinhar Pilates \/ Fisioterapia | Mariana Kremer<\/td>\n<\/tr>\n<\/tbody>\n<\/table>\n<!-- #tablepress-2 from cache -->[\/vc_column_text][\/vc_tta_section][vc_tta_section title=&#8221;Bem estar e beleza&#8221; tab_id=&#8221;bem-estar-e-beleza&#8221;][vc_column_text]\n<table id=\"tablepress-4\" class=\"tablepress tablepress-id-4\">\n<tbody class=\"row-hover\">\n<tr class=\"row-1 odd\">\n\t<td class=\"column-1\">202<\/td><td class=\"column-2\">Viva Est\u00e9tica Laser e Beleza<\/td>\n<\/tr>\n<tr class=\"row-2 even\">\n\t<td class=\"column-1\">204<\/td><td class=\"column-2\">Suplementaria Suplementos Naturais<br \/>\n<\/td>\n<\/tr>\n<tr class=\"row-3 odd\">\n\t<td class=\"column-1\">307<\/td><td class=\"column-2\">Nat\u00e1lia Head Spa<\/td>\n<\/tr>\n<tr class=\"row-4 even\">\n\t<td class=\"column-1\">318<\/td><td class=\"column-2\">Biom\u00e9dica Esteta | Dra. Cristiane Machado<\/td>\n<\/tr>\n<\/tbody>\n<\/table>\n<!-- #tablepress-4 from cache -->[\/vc_column_text][\/vc_tta_section][\/vc_tta_tabs][\/vc_column][\/vc_row][vc_row section_type=&#8221;fullwidth&#8221; padding_top_multiplier=&#8221;&#8221; padding_bottom_multiplier=&#8221;&#8221; rc_heading_color=&#8221;light&#8221; rc_bg_type=&#8221;image&#8221; rc_bg_image=&#8221;6188&#8243; rc_bg_image_type=&#8221;fixed&#8221; min_height=&#8221;500&#8243; rc_font_color=&#8221;#ffffff&#8221;][vc_column vertical_content_position=&#8221;middle&#8221; text_align=&#8221;center&#8221;][\/vc_column][\/vc_row]<\/p>\n","protected":false},"excerpt":{"rendered":"<p>Espa\u00e7o comercial que re\u00fane diversos profissionais &#8230;<\/p>\n","protected":false},"author":1,"featured_media":6167,"parent":0,"menu_order":0,"comment_status":"closed","ping_status":"closed","template":"","meta":[],"acf":[],"_links":{"self":[{"href":"https:\/\/dallasanta.com.br\/paseozonasul\/wp-json\/wp\/v2\/pages\/5317"}],"collection":[{"href":"https:\/\/dallasanta.com.br\/paseozonasul\/wp-json\/wp\/v2\/pages"}],"about":[{"href":"https:\/\/dallasanta.com.br\/paseozonasul\/wp-json\/wp\/v2\/types\/page"}],"author":[{"embeddable":true,"href":"https:\/\/dallasanta.com.br\/paseozonasul\/wp-json\/wp\/v2\/users\/1"}],"replies":[{"embeddable":true,"href":"https:\/\/dallasanta.com.br\/paseozonasul\/wp-json\/wp\/v2\/comments?post=5317"}],"version-history":[{"count":32,"href":"https:\/\/dallasanta.com.br\/paseozonasul\/wp-json\/wp\/v2\/pages\/5317\/revisions"}],"predecessor-version":[{"id":6190,"href":"https:\/\/dallasanta.com.br\/paseozonasul\/wp-json\/wp\/v2\/pages\/5317\/revisions\/6190"}],"wp:featuredmedia":[{"embeddable":true,"href":"https:\/\/dallasanta.com.br\/paseozonasul\/wp-json\/wp\/v2\/media\/6167"}],"wp:attachment":[{"href":"https:\/\/dallasanta.com.br\/paseozonasul\/wp-json\/wp\/v2\/media?parent=5317"}],"curies":[{"name":"wp","href":"https:\/\/api.w.org\/{rel}","templated":true}]}}